{"id":21286,"date":"2021-03-05T11:37:45","date_gmt":"2021-03-05T10:37:45","guid":{"rendered":"https:\/\/www.arcotel-hotel.com\/our-hotel-group\/"},"modified":"2023-06-29T15:08:49","modified_gmt":"2023-06-29T13:08:49","slug":"our-hotel-group","status":"publish","type":"page","link":"https:\/\/www.arcotel-hotel.com\/en\/our-hotel-group\/","title":{"rendered":"Our Group"},"content":{"rendered":"<div class=\"vgblk-rw-wrapper limit-wrapper\">\n\n\t<h2>Our History<\/h2>\n<h3>\n\tARCOTEL\n\t<\/h3>\n\t<blockquote>Created in 2017 with the acquisition of the Star Hotel Champs-Elys\u00e9es, the Arcotel group expanded in March 2019 with<br \/>\nthe integration of the Acacias Etoile and Magda Champs-Elys\u00e9es hotels.<\/blockquote>\n\t\t\t\t\t\t\t<img loading=\"lazy\" src=\"https:\/\/www.arcotel-hotel.com\/wp-content\/uploads\/2020\/11\/CM.jpg\" alt=\"Charles Mimouni - Arcotel\" itemprop=\"image\" height=\"1024\" width=\"683\" title=\"Charles Mimouni - Arcotel\" onerror=\"this.style.display='none'\"  sizes=\"(max-width: 760px) 100vw, 100vw\" srcset=\"data:image\/svg+xml;utf8,&lt;svg%20xmlns=&quot;http:\/\/www.w3.org\/2000\/svg&quot;%20viewBox=&quot;0%200%20683%201024&quot;%20height=&quot;1024px&quot;%20width=&quot;683px&quot;\/&gt;\" data-srcset=\"https:\/\/www.arcotel-hotel.com\/wp-content\/uploads\/2020\/11\/CM.jpg 683w, https:\/\/www.arcotel-hotel.com\/wp-content\/uploads\/2020\/11\/CM-630x945.jpg 630w, https:\/\/www.arcotel-hotel.com\/wp-content\/uploads\/2020\/11\/CM-420x630.jpg 420w, https:\/\/www.arcotel-hotel.com\/wp-content\/uploads\/2020\/11\/CM-315x472.jpg 315w\" \/>\t\t\t\t\t\t\t\n\t<p><em>Mr Charles MIMOUNI &#8211; Founder of the Group<\/em><\/p>\n\t<h2>Our engagement<\/h2>\n<h3>\n\tThe personalization\n\t<\/h3>\n\t<blockquote>The decor of each of our hotels is different.<br \/>\nLike our customers.<\/blockquote>\n\t\t\t\t\t\t\t<img loading=\"lazy\" src=\"https:\/\/www.arcotel-hotel.com\/wp-content\/uploads\/2020\/11\/suite-champagne-hotel-magda-champs-elysees-Copie.jpg\" alt=\"suite champagne - h\u00f4tel magda champs-\u00e9lys\u00e9es\" itemprop=\"image\" height=\"823\" width=\"888\" title=\"suite champagne - h\u00f4tel magda champs-\u00e9lys\u00e9es\" onerror=\"this.style.display='none'\"  sizes=\"(max-width: 760px) 100vw, 100vw\" srcset=\"data:image\/svg+xml;utf8,&lt;svg%20xmlns=&quot;http:\/\/www.w3.org\/2000\/svg&quot;%20viewBox=&quot;0%200%20888%20823&quot;%20height=&quot;823px&quot;%20width=&quot;888px&quot;\/&gt;\" data-srcset=\"https:\/\/www.arcotel-hotel.com\/wp-content\/uploads\/2020\/11\/suite-champagne-hotel-magda-champs-elysees-Copie.jpg 888w, https:\/\/www.arcotel-hotel.com\/wp-content\/uploads\/2020\/11\/suite-champagne-hotel-magda-champs-elysees-Copie-768x712.jpg 768w, https:\/\/www.arcotel-hotel.com\/wp-content\/uploads\/2020\/11\/suite-champagne-hotel-magda-champs-elysees-Copie-630x584.jpg 630w, https:\/\/www.arcotel-hotel.com\/wp-content\/uploads\/2020\/11\/suite-champagne-hotel-magda-champs-elysees-Copie-420x389.jpg 420w, https:\/\/www.arcotel-hotel.com\/wp-content\/uploads\/2020\/11\/suite-champagne-hotel-magda-champs-elysees-Copie-840x779.jpg 840w, https:\/\/www.arcotel-hotel.com\/wp-content\/uploads\/2020\/11\/suite-champagne-hotel-magda-champs-elysees-Copie-315x292.jpg 315w\" \/>\t\t\t\t\t\t\t\n<h3>\n\tThe human first\n\t<\/h3>\n\t<blockquote><p>A human-sized hotel group, our staff is loyal to us, and loyal to our customers.<\/p><\/blockquote>\n\t\t\t\t\t\t\t<img loading=\"lazy\" src=\"https:\/\/www.arcotel-hotel.com\/wp-content\/uploads\/2023\/06\/accueil-acacias-e1688044052104.jpg\" data-srcset=\"https:\/\/www.arcotel-hotel.com\/wp-content\/uploads\/2023\/06\/accueil-acacias-e1688044052104.jpg\" srcset=\"data:image\/svg+xml;utf8,&lt;svg%20xmlns=&quot;http:\/\/www.w3.org\/2000\/svg&quot;%20viewBox=&quot;0%200%201200%201200&quot;%20height=&quot;1200px&quot;%20width=&quot;1200px&quot;\/&gt;\" alt=\"check-in - h\u00f4tel acacias \u00e9toile\" itemprop=\"image\" height=\"1200\" width=\"1200\" title=\"check-in - h\u00f4tel acacias \u00e9toile\" onerror=\"this.style.display='none'\"  sizes=\"(max-width: 760px) 100vw, 100vw\"\/>\t\t\t\t\t\t\t\n<h2>\n\t\t<a href=\"https:\/\/www.arcotel-hotel.com\/en\/our-hotels\/\" title=\"Discover Our Hotels\" target=\"_self\" rel=\"noopener\">\n\t\tDiscover Our Hotels\n\t\t<\/a>\n\t<\/h2>\n\n<\/div><!-- .vgblk-rw-wrapper -->","protected":false},"excerpt":{"rendered":"<p>Our History ARCOTEL Created in 2017 with the acquisition of the Star Hotel Champs-Elys\u00e9es, the Arcotel group expanded in March 2019 with the integration of the Acacias Etoile and Magda Champs-Elys\u00e9es hotels. Mr Charles MIMOUNI &#8211; Founder of the Group Our engagement The personalization The decor of each of our hotels is different. Like our&#8230;<\/p>\n","protected":false},"author":1,"featured_media":0,"parent":0,"menu_order":0,"comment_status":"closed","ping_status":"closed","template":"","meta":{"inline_featured_image":false},"jetpack_sharing_enabled":true,"_links":{"self":[{"href":"https:\/\/www.arcotel-hotel.com\/en\/wp-json\/wp\/v2\/pages\/21286"}],"collection":[{"href":"https:\/\/www.arcotel-hotel.com\/en\/wp-json\/wp\/v2\/pages"}],"about":[{"href":"https:\/\/www.arcotel-hotel.com\/en\/wp-json\/wp\/v2\/types\/page"}],"author":[{"embeddable":true,"href":"https:\/\/www.arcotel-hotel.com\/en\/wp-json\/wp\/v2\/users\/1"}],"replies":[{"embeddable":true,"href":"https:\/\/www.arcotel-hotel.com\/en\/wp-json\/wp\/v2\/comments?post=21286"}],"version-history":[{"count":6,"href":"https:\/\/www.arcotel-hotel.com\/en\/wp-json\/wp\/v2\/pages\/21286\/revisions"}],"predecessor-version":[{"id":21440,"href":"https:\/\/www.arcotel-hotel.com\/en\/wp-json\/wp\/v2\/pages\/21286\/revisions\/21440"}],"wp:attachment":[{"href":"https:\/\/www.arcotel-hotel.com\/en\/wp-json\/wp\/v2\/media?parent=21286"}],"curies":[{"name":"wp","href":"https:\/\/api.w.org\/{rel}","templated":true}]}}