{"id":21283,"date":"2021-03-05T11:17:23","date_gmt":"2021-03-05T10:17:23","guid":{"rendered":"https:\/\/www.arcotel-hotel.com\/hotel-star-champs-elysees\/"},"modified":"2023-03-30T16:01:09","modified_gmt":"2023-03-30T14:01:09","slug":"hotel-star-champs-elysees","status":"publish","type":"page","link":"https:\/\/www.arcotel-hotel.com\/en\/hotel-star-champs-elysees\/","title":{"rendered":"H\u00f4tel Star Champs-Elys\u00e9es***"},"content":{"rendered":"<div class=\"vgblk-rw-wrapper limit-wrapper\">\n\n\t<blockquote>\n<h5>Located in a very quiet street, the Star Champs-Elys\u00e9es welcomes you in small or large committee in its 59 rooms of different categories less than 300 meters from the Etoile station.<\/h5>\n<\/blockquote>\n\t\t\t\t\t\t\t<img loading=\"lazy\" src=\"https:\/\/www.arcotel-hotel.com\/wp-content\/uploads\/2020\/11\/Facade-Hotel-Star-Champs-Elysees.jpg\" alt=\"Fa\u00e7ade - H\u00f4tel Star Champs-Elys\u00e9es\" itemprop=\"image\" height=\"691\" width=\"383\" title=\"Fa\u00e7ade - H\u00f4tel Star Champs-Elys\u00e9es\" onerror=\"this.style.display='none'\"  sizes=\"(max-width: 760px) 100vw, 100vw\" srcset=\"data:image\/svg+xml;utf8,&lt;svg%20xmlns=&quot;http:\/\/www.w3.org\/2000\/svg&quot;%20viewBox=&quot;0%200%20383%20691&quot;%20height=&quot;691px&quot;%20width=&quot;383px&quot;\/&gt;\" data-srcset=\"https:\/\/www.arcotel-hotel.com\/wp-content\/uploads\/2020\/11\/Facade-Hotel-Star-Champs-Elysees.jpg 383w, https:\/\/www.arcotel-hotel.com\/wp-content\/uploads\/2020\/11\/Facade-Hotel-Star-Champs-Elysees-315x568.jpg 315w\" \/>\t\t\t\t\t\t\t\n\t\t\t\t\t\t\t<img loading=\"lazy\" src=\"https:\/\/www.arcotel-hotel.com\/wp-content\/uploads\/2023\/03\/double-superieure-doree-ensemble-hotel-star-champs-elysees-scaled.jpg\" alt=\"double sup\u00e9rieure dor\u00e9e - ensemble - h\u00f4tel star champs-\u00e9lys\u00e9es\" itemprop=\"image\" height=\"1654\" width=\"2560\" title=\"double sup\u00e9rieure dor\u00e9e - ensemble - h\u00f4tel star champs-\u00e9lys\u00e9es\" onerror=\"this.style.display='none'\"  sizes=\"(max-width: 760px) 100vw, 100vw\" srcset=\"data:image\/svg+xml;utf8,&lt;svg%20xmlns=&quot;http:\/\/www.w3.org\/2000\/svg&quot;%20viewBox=&quot;0%200%202560%201654&quot;%20height=&quot;1654px&quot;%20width=&quot;2560px&quot;\/&gt;\" data-srcset=\"https:\/\/www.arcotel-hotel.com\/wp-content\/uploads\/2023\/03\/double-superieure-doree-ensemble-hotel-star-champs-elysees-scaled.jpg 2560w, https:\/\/www.arcotel-hotel.com\/wp-content\/uploads\/2023\/03\/double-superieure-doree-ensemble-hotel-star-champs-elysees-1000x646.jpg 1000w, https:\/\/www.arcotel-hotel.com\/wp-content\/uploads\/2023\/03\/double-superieure-doree-ensemble-hotel-star-champs-elysees-1920x1240.jpg 1920w, https:\/\/www.arcotel-hotel.com\/wp-content\/uploads\/2023\/03\/double-superieure-doree-ensemble-hotel-star-champs-elysees-768x496.jpg 768w, https:\/\/www.arcotel-hotel.com\/wp-content\/uploads\/2023\/03\/double-superieure-doree-ensemble-hotel-star-champs-elysees-1536x992.jpg 1536w, https:\/\/www.arcotel-hotel.com\/wp-content\/uploads\/2023\/03\/double-superieure-doree-ensemble-hotel-star-champs-elysees-2048x1323.jpg 2048w, https:\/\/www.arcotel-hotel.com\/wp-content\/uploads\/2023\/03\/double-superieure-doree-ensemble-hotel-star-champs-elysees-1260x814.jpg 1260w, https:\/\/www.arcotel-hotel.com\/wp-content\/uploads\/2023\/03\/double-superieure-doree-ensemble-hotel-star-champs-elysees-630x407.jpg 630w, https:\/\/www.arcotel-hotel.com\/wp-content\/uploads\/2023\/03\/double-superieure-doree-ensemble-hotel-star-champs-elysees-420x271.jpg 420w, https:\/\/www.arcotel-hotel.com\/wp-content\/uploads\/2023\/03\/double-superieure-doree-ensemble-hotel-star-champs-elysees-840x543.jpg 840w, https:\/\/www.arcotel-hotel.com\/wp-content\/uploads\/2023\/03\/double-superieure-doree-ensemble-hotel-star-champs-elysees-315x203.jpg 315w\" \/>\t\t\t\t\t\t\t\n\t\t\t\t\t\t\t<img loading=\"lazy\" src=\"https:\/\/www.arcotel-hotel.com\/wp-content\/uploads\/2023\/03\/sdb-deluxe-1-hotel-star-champs-elysees-scaled.jpg\" alt=\"sdb deluxe 1 - hotel star champs-\u00e9lys\u00e9es\" itemprop=\"image\" height=\"1441\" width=\"2560\" title=\"sdb deluxe 1 - hotel star champs-\u00e9lys\u00e9es\" onerror=\"this.style.display='none'\"  sizes=\"(max-width: 760px) 100vw, 100vw\" srcset=\"data:image\/svg+xml;utf8,&lt;svg%20xmlns=&quot;http:\/\/www.w3.org\/2000\/svg&quot;%20viewBox=&quot;0%200%202560%201441&quot;%20height=&quot;1441px&quot;%20width=&quot;2560px&quot;\/&gt;\" data-srcset=\"https:\/\/www.arcotel-hotel.com\/wp-content\/uploads\/2023\/03\/sdb-deluxe-1-hotel-star-champs-elysees-scaled.jpg 2560w, https:\/\/www.arcotel-hotel.com\/wp-content\/uploads\/2023\/03\/sdb-deluxe-1-hotel-star-champs-elysees-1000x563.jpg 1000w, https:\/\/www.arcotel-hotel.com\/wp-content\/uploads\/2023\/03\/sdb-deluxe-1-hotel-star-champs-elysees-1920x1081.jpg 1920w, https:\/\/www.arcotel-hotel.com\/wp-content\/uploads\/2023\/03\/sdb-deluxe-1-hotel-star-champs-elysees-768x432.jpg 768w, https:\/\/www.arcotel-hotel.com\/wp-content\/uploads\/2023\/03\/sdb-deluxe-1-hotel-star-champs-elysees-1536x865.jpg 1536w, https:\/\/www.arcotel-hotel.com\/wp-content\/uploads\/2023\/03\/sdb-deluxe-1-hotel-star-champs-elysees-2048x1153.jpg 2048w, https:\/\/www.arcotel-hotel.com\/wp-content\/uploads\/2023\/03\/sdb-deluxe-1-hotel-star-champs-elysees-1260x709.jpg 1260w, https:\/\/www.arcotel-hotel.com\/wp-content\/uploads\/2023\/03\/sdb-deluxe-1-hotel-star-champs-elysees-630x355.jpg 630w, https:\/\/www.arcotel-hotel.com\/wp-content\/uploads\/2023\/03\/sdb-deluxe-1-hotel-star-champs-elysees-420x236.jpg 420w, https:\/\/www.arcotel-hotel.com\/wp-content\/uploads\/2023\/03\/sdb-deluxe-1-hotel-star-champs-elysees-840x473.jpg 840w, https:\/\/www.arcotel-hotel.com\/wp-content\/uploads\/2023\/03\/sdb-deluxe-1-hotel-star-champs-elysees-315x177.jpg 315w\" \/>\t\t\t\t\t\t\t\n\t\t\t\t\t\t\t<img loading=\"lazy\" src=\"https:\/\/www.arcotel-hotel.com\/wp-content\/uploads\/2023\/03\/Espace-Bar-Hotel-Star-Champs-Elysees.png\" alt=\"Espace Bar - H\u00f4tel Star Champs-Elys\u00e9es\" itemprop=\"image\" height=\"704\" width=\"1250\" title=\"Espace Bar - H\u00f4tel Star Champs-Elys\u00e9es\" onerror=\"this.style.display='none'\"  sizes=\"(max-width: 760px) 100vw, 100vw\" srcset=\"data:image\/svg+xml;utf8,&lt;svg%20xmlns=&quot;http:\/\/www.w3.org\/2000\/svg&quot;%20viewBox=&quot;0%200%201250%20704&quot;%20height=&quot;704px&quot;%20width=&quot;1250px&quot;\/&gt;\" data-srcset=\"https:\/\/www.arcotel-hotel.com\/wp-content\/uploads\/2023\/03\/Espace-Bar-Hotel-Star-Champs-Elysees.png 1250w, https:\/\/www.arcotel-hotel.com\/wp-content\/uploads\/2023\/03\/Espace-Bar-Hotel-Star-Champs-Elysees-1000x563.png 1000w, https:\/\/www.arcotel-hotel.com\/wp-content\/uploads\/2023\/03\/Espace-Bar-Hotel-Star-Champs-Elysees-768x433.png 768w, https:\/\/www.arcotel-hotel.com\/wp-content\/uploads\/2023\/03\/Espace-Bar-Hotel-Star-Champs-Elysees-630x355.png 630w, https:\/\/www.arcotel-hotel.com\/wp-content\/uploads\/2023\/03\/Espace-Bar-Hotel-Star-Champs-Elysees-420x237.png 420w, https:\/\/www.arcotel-hotel.com\/wp-content\/uploads\/2023\/03\/Espace-Bar-Hotel-Star-Champs-Elysees-840x473.png 840w, https:\/\/www.arcotel-hotel.com\/wp-content\/uploads\/2023\/03\/Espace-Bar-Hotel-Star-Champs-Elysees-315x177.png 315w\" \/>\t\t\t\t\t\t\t\n\t18 Rue de l&#8217;Arc de Triomphe<br \/>\n75 017 Paris<br \/>\ncontact@starchampselysees.com<br \/>\n+33 (0)1 76 21 22 42\n<p>&nbsp;<\/p>\n<strong>GDS code:<\/strong><br \/>\nAmadeus (1A) : YX PAR654<br \/>\nGalileo\/Apollo (UA) : YX G0913<br \/>\nSabre (AA) : YX 60612<br \/>\nPegasus (WB) : YX 30843<br \/>\nWorldspan (1P) : YX 93654\n\t\t\t<a href=\"https:\/\/www.arcotel-starchampselysees.com\" target=\"_blank\" role=\"button\" rel=\"noopener\">\n\t\t\t\t\t\t\tVisit our Official Website\n\t\t\t\t\t<\/a>\n\n<\/div><!-- .vgblk-rw-wrapper -->","protected":false},"excerpt":{"rendered":"<p>Located in a very quiet street, the Star Champs-Elys\u00e9es welcomes you in small or large committee in its 59 rooms of different categories less than 300 meters from the Etoile station. 18 Rue de l&#8217;Arc de Triomphe 75 017 Paris contact@starchampselysees.com +33 (0)1 76 21 22 42 &nbsp; GDS code: Amadeus (1A) : YX PAR654&#8230;<\/p>\n","protected":false},"author":2,"featured_media":0,"parent":0,"menu_order":0,"comment_status":"closed","ping_status":"closed","template":"","meta":{"inline_featured_image":false},"jetpack_sharing_enabled":true,"_links":{"self":[{"href":"https:\/\/www.arcotel-hotel.com\/en\/wp-json\/wp\/v2\/pages\/21283"}],"collection":[{"href":"https:\/\/www.arcotel-hotel.com\/en\/wp-json\/wp\/v2\/pages"}],"about":[{"href":"https:\/\/www.arcotel-hotel.com\/en\/wp-json\/wp\/v2\/types\/page"}],"author":[{"embeddable":true,"href":"https:\/\/www.arcotel-hotel.com\/en\/wp-json\/wp\/v2\/users\/2"}],"replies":[{"embeddable":true,"href":"https:\/\/www.arcotel-hotel.com\/en\/wp-json\/wp\/v2\/comments?post=21283"}],"version-history":[{"count":1,"href":"https:\/\/www.arcotel-hotel.com\/en\/wp-json\/wp\/v2\/pages\/21283\/revisions"}],"predecessor-version":[{"id":21428,"href":"https:\/\/www.arcotel-hotel.com\/en\/wp-json\/wp\/v2\/pages\/21283\/revisions\/21428"}],"wp:attachment":[{"href":"https:\/\/www.arcotel-hotel.com\/en\/wp-json\/wp\/v2\/media?parent=21283"}],"curies":[{"name":"wp","href":"https:\/\/api.w.org\/{rel}","templated":true}]}}