{"id":21281,"date":"2021-03-05T10:57:42","date_gmt":"2021-03-05T09:57:42","guid":{"rendered":"https:\/\/www.arcotel-hotel.com\/home-hotel\/"},"modified":"2023-06-29T15:14:34","modified_gmt":"2023-06-29T13:14:34","slug":"home-hotel","status":"publish","type":"page","link":"https:\/\/www.arcotel-hotel.com\/en\/","title":{"rendered":"Home"},"content":{"rendered":"<div class=\"vgblk-rw-wrapper limit-wrapper\">\n\n\t\t\t\t\t\t\t<img loading=\"lazy\" src=\"https:\/\/www.arcotel-hotel.com\/wp-content\/uploads\/2020\/11\/01-1-100x100.png\" data-srcset=\"https:\/\/www.arcotel-hotel.com\/wp-content\/uploads\/2020\/11\/01-1-100x100.png\" srcset=\"data:image\/svg+xml;utf8,&lt;svg%20xmlns=&quot;http:\/\/www.w3.org\/2000\/svg&quot;%20viewBox=&quot;0%200%20100%20100&quot;%20height=&quot;100px&quot;%20width=&quot;100px&quot;\/&gt;\" alt=\"LOGO ARCOTEL NOIR\" itemprop=\"image\" height=\"100\" width=\"100\" title=\"LOGO ARCOTEL NOIR\" onerror=\"this.style.display='none'\"  sizes=\"(max-width: 760px) 100vw, 100vw\"\/>\t\t\t\t\t\t\t\n<h3>\n\t\t\t<a href=\"https:\/\/www.arcotel-hotel.com\/le-groupe\/\" title=\"ARCOTEL\" target=\"_self\" rel=\"noopener\">\n\tARCOTEL\n\t\t\t<\/a>\n\t<\/h3>\n\tThe ARCOTEL Group opens the doors to its<br \/>\n3 hotels ideally located<br \/>\nclose to the Arc de Triomphe and the Palais des Congr\u00e8s.\n\t<a href=\"https:\/\/www.arcotel-hotel.com\/le-groupe\/\" target=\"_self\" role=\"button\" rel=\"noopener\">\n\t\t\t\t\tDiscover Our History\n\t<\/a>\n<h2>\n\t\t\t<a href=\"https:\/\/www.arcotel-hotel.com\/nos-hotels\/\" title=\"Our Hotels\" target=\"_self\" rel=\"noopener\">\n\tOur Hotels\n\t\t\t<\/a>\n\t<\/h2>\n\t<p>3 stars hotels in the 17th arrondissement<\/p>\n\t\t\t\t\t\t\t<img loading=\"lazy\" src=\"https:\/\/www.arcotel-hotel.com\/wp-content\/uploads\/2023\/03\/Espace-Bar-Hotel-Star-Champs-Elysees.png\" alt=\"Espace Bar - H\u00f4tel Star Champs-Elys\u00e9es\" itemprop=\"image\" height=\"704\" width=\"1250\" title=\"Espace Bar - H\u00f4tel Star Champs-Elys\u00e9es\" onerror=\"this.style.display='none'\"  sizes=\"(max-width: 760px) 100vw, 100vw\" srcset=\"data:image\/svg+xml;utf8,&lt;svg%20xmlns=&quot;http:\/\/www.w3.org\/2000\/svg&quot;%20viewBox=&quot;0%200%201250%20704&quot;%20height=&quot;704px&quot;%20width=&quot;1250px&quot;\/&gt;\" data-srcset=\"https:\/\/www.arcotel-hotel.com\/wp-content\/uploads\/2023\/03\/Espace-Bar-Hotel-Star-Champs-Elysees.png 1250w, https:\/\/www.arcotel-hotel.com\/wp-content\/uploads\/2023\/03\/Espace-Bar-Hotel-Star-Champs-Elysees-1000x563.png 1000w, https:\/\/www.arcotel-hotel.com\/wp-content\/uploads\/2023\/03\/Espace-Bar-Hotel-Star-Champs-Elysees-768x433.png 768w, https:\/\/www.arcotel-hotel.com\/wp-content\/uploads\/2023\/03\/Espace-Bar-Hotel-Star-Champs-Elysees-630x355.png 630w, https:\/\/www.arcotel-hotel.com\/wp-content\/uploads\/2023\/03\/Espace-Bar-Hotel-Star-Champs-Elysees-420x237.png 420w, https:\/\/www.arcotel-hotel.com\/wp-content\/uploads\/2023\/03\/Espace-Bar-Hotel-Star-Champs-Elysees-840x473.png 840w, https:\/\/www.arcotel-hotel.com\/wp-content\/uploads\/2023\/03\/Espace-Bar-Hotel-Star-Champs-Elysees-315x177.png 315w\" \/>\t\t\t\t\t\t\t\n\t\t\t\t\t\t\t<img loading=\"lazy\" src=\"https:\/\/www.arcotel-hotel.com\/wp-content\/uploads\/2022\/12\/Junior-suite-vue-lit-2-hotel-magda-champs-elysees-scaled-e1669976549794.jpg\" data-srcset=\"https:\/\/www.arcotel-hotel.com\/wp-content\/uploads\/2022\/12\/Junior-suite-vue-lit-2-hotel-magda-champs-elysees-scaled-e1669976549794.jpg\" srcset=\"data:image\/svg+xml;utf8,&lt;svg%20xmlns=&quot;http:\/\/www.w3.org\/2000\/svg&quot;%20viewBox=&quot;0%200%202560%201441&quot;%20height=&quot;1441px&quot;%20width=&quot;2560px&quot;\/&gt;\" alt=\"Junior suite - vue lit 2 - h\u00f4tel magda champs-\u00e9lys\u00e9es\" itemprop=\"image\" height=\"1441\" width=\"2560\" title=\"Junior suite - vue lit 2 - h\u00f4tel magda champs-\u00e9lys\u00e9es\" onerror=\"this.style.display='none'\"  sizes=\"(max-width: 760px) 100vw, 100vw\"\/>\t\t\t\t\t\t\t\n\t\t\t\t\t\t\t<img loading=\"lazy\" src=\"https:\/\/www.arcotel-hotel.com\/wp-content\/uploads\/2020\/11\/honesty-bar-2-hotel-acacias-etoile.jpg\" alt=\"honesty bar 2 - h\u00f4tel acacias \u00e9toile\" itemprop=\"image\" height=\"667\" width=\"727\" title=\"honesty bar 2 - h\u00f4tel acacias \u00e9toile\" onerror=\"this.style.display='none'\"  sizes=\"(max-width: 760px) 100vw, 100vw\" srcset=\"data:image\/svg+xml;utf8,&lt;svg%20xmlns=&quot;http:\/\/www.w3.org\/2000\/svg&quot;%20viewBox=&quot;0%200%20727%20667&quot;%20height=&quot;667px&quot;%20width=&quot;727px&quot;\/&gt;\" data-srcset=\"https:\/\/www.arcotel-hotel.com\/wp-content\/uploads\/2020\/11\/honesty-bar-2-hotel-acacias-etoile.jpg 727w, https:\/\/www.arcotel-hotel.com\/wp-content\/uploads\/2020\/11\/honesty-bar-2-hotel-acacias-etoile-630x578.jpg 630w, https:\/\/www.arcotel-hotel.com\/wp-content\/uploads\/2020\/11\/honesty-bar-2-hotel-acacias-etoile-420x385.jpg 420w, https:\/\/www.arcotel-hotel.com\/wp-content\/uploads\/2020\/11\/honesty-bar-2-hotel-acacias-etoile-315x289.jpg 315w\" \/>\t\t\t\t\t\t\t\n<h1>\n\t\t\t<a href=\"https:\/\/www.arcotel-hotel.com\/nos-hotels\/\" title=\"Welcome\" target=\"_self\" rel=\"noopener\">\n\tWelcome\n\t\t\t<\/a>\n\t<\/h1>\n\tThe Arcotel team welcomes you in a warm and family<br \/>\natmosphere in one of its<br \/>\n132 rooms and suites\n<h2>\n\t\t\t<a href=\"https:\/\/www.arcotel-hotel.com\/nos-solutions-pro\/\" title=\"Our Professional Solutions\" target=\"_self\" rel=\"noopener\">\n\tOur Professional Solutions\n\t\t\t<\/a>\n\t<\/h2>\n\t<p>Offers that suit you<\/p>\n<h3>\n\tA suitable offer\n\t<\/h3>\n\tWe are at your disposal to propose you<br \/>\na personalized offer :<br \/>\nfor personal or<br \/>\nprofessional stay , for individual or group stay, but also for the organization of events.\n\t<a href=\"https:\/\/www.arcotel-hotel.com\/nos-solutions-pro\/\" target=\"_self\" role=\"button\" rel=\"noopener\">\n\t\t\t\t\tLearn more\n\t<\/a>\n<h2>\n\tJobs &amp; Career\n\t<\/h2>\n\t<p>Our job offers<\/p>\n<h3>\n\t\t\t<a href=\"https:\/\/www.arcotel-hotel.com\/offres-demploi\/\" title=\"Join us!\" target=\"_self\" rel=\"noopener\">\n\tJoin us!\n\t\t\t<\/a>\n\t<\/h3>\n\t<p>Discover job opportunities that fit to your profile ! If you are looking for a job, an apprenticeship or an internship, contact us !<\/p>\n\t<a href=\"https:\/\/www.arcotel-hotel.com\/offres-demploi\/\" target=\"_self\" role=\"button\" rel=\"noopener\">\n\t\t\t\t\tLearn more\n\t<\/a>\n<h2>\n\tEnjoy a unique stay\n\t<\/h2>\n\t\t\t\t\t\t\t<img loading=\"lazy\" src=\"https:\/\/www.arcotel-hotel.com\/wp-content\/uploads\/2020\/11\/Plan-Arcotel.png\" alt=\"Plan Arcotel\" itemprop=\"image\" height=\"575\" width=\"1030\" title=\"Plan Arcotel\" onerror=\"this.style.display='none'\"  sizes=\"(max-width: 760px) 100vw, 100vw\" srcset=\"data:image\/svg+xml;utf8,&lt;svg%20xmlns=&quot;http:\/\/www.w3.org\/2000\/svg&quot;%20viewBox=&quot;0%200%201030%20575&quot;%20height=&quot;575px&quot;%20width=&quot;1030px&quot;\/&gt;\" data-srcset=\"https:\/\/www.arcotel-hotel.com\/wp-content\/uploads\/2020\/11\/Plan-Arcotel.png 1030w, https:\/\/www.arcotel-hotel.com\/wp-content\/uploads\/2020\/11\/Plan-Arcotel-1000x558.png 1000w, https:\/\/www.arcotel-hotel.com\/wp-content\/uploads\/2020\/11\/Plan-Arcotel-768x429.png 768w, https:\/\/www.arcotel-hotel.com\/wp-content\/uploads\/2020\/11\/Plan-Arcotel-630x352.png 630w, https:\/\/www.arcotel-hotel.com\/wp-content\/uploads\/2020\/11\/Plan-Arcotel-420x234.png 420w, https:\/\/www.arcotel-hotel.com\/wp-content\/uploads\/2020\/11\/Plan-Arcotel-840x469.png 840w, https:\/\/www.arcotel-hotel.com\/wp-content\/uploads\/2020\/11\/Plan-Arcotel-315x176.png 315w\" \/>\t\t\t\t\t\t\t\n\t\t\t\t\t\t\t<img src=\"https:\/\/www.arcotel-hotel.com\/wp-content\/plugins\/beaver-builder-lite-version\/img\/pixel.png\" alt=\"\" itemprop=\"image\" onerror=\"this.style.display='none'\"  \/>\n<h3>\n\tYou have any question?\n\t<\/h3>\n<h2>\n\tNews\n\t<\/h2>\n\t<p>STAY TUNED !<\/p>\n\t<p><strong>r sites have had a facelift!<\/strong><\/p>\n<p>Visit the new official websites of our group<\/p>\n<ul>\n<li><a href=\"https:\/\/www.arcotel-acaciasetoile.com\" target=\"_blank\" rel=\"noopener\"><strong>www.arcotel-acaciasetoile.com<\/strong><\/a><\/li>\n<li><a href=\"https:\/\/www.arcotel-magdachampselysees.com\" target=\"_blank\" rel=\"noopener\"><strong>www.arcotel-magdachampselysees.com<\/strong><\/a><\/li>\n<li><a href=\"https:\/\/www.arcotel-starchampselysees.com\" target=\"_blank\" rel=\"noopener\"><strong>www.arcotel-starchampselysees.com<\/strong><\/a><\/li>\n<\/ul>\n<p>And for your business trips:<\/p>\n<ul>\n<li><a href=\"https:\/\/www.arcotel-hotel.com\/en\/\" target=\"_blank\" rel=\"noopener\"><strong>www.arcotel-hotel.com<\/strong><\/a><\/li>\n<\/ul>\n\t<p>What are you waiting for ?<\/p>\nBook in one of our hotels.<br \/>\nIf you are one of the top 20 customers, a surprise will be waiting for you at your check-in !\n\t<h6>Offer Valid for all bookings made via one of our official websites.<\/h6>\n\t\t<iframe src=\"https:\/\/maps.google.com\/maps?q=18+Rue+de+l%27Arc+de+Triomphe%2C+Paris&#038;iwloc=near&#038;output=embed\" height=\"500\" frameborder=\"0\"><\/iframe>\n\n<\/div><!-- .vgblk-rw-wrapper -->","protected":false},"excerpt":{"rendered":"<p>ARCOTEL The ARCOTEL Group opens the doors to its 3 hotels ideally located close to the Arc de Triomphe and the Palais des Congr\u00e8s. Discover Our History Our Hotels 3 stars hotels in the 17th arrondissement Welcome The Arcotel team welcomes you in a warm and family atmosphere in one of its 132 rooms and&#8230;<\/p>\n","protected":false},"author":1,"featured_media":0,"parent":0,"menu_order":0,"comment_status":"closed","ping_status":"closed","template":"","meta":{"inline_featured_image":false},"jetpack_sharing_enabled":true,"_links":{"self":[{"href":"https:\/\/www.arcotel-hotel.com\/en\/wp-json\/wp\/v2\/pages\/21281"}],"collection":[{"href":"https:\/\/www.arcotel-hotel.com\/en\/wp-json\/wp\/v2\/pages"}],"about":[{"href":"https:\/\/www.arcotel-hotel.com\/en\/wp-json\/wp\/v2\/types\/page"}],"author":[{"embeddable":true,"href":"https:\/\/www.arcotel-hotel.com\/en\/wp-json\/wp\/v2\/users\/1"}],"replies":[{"embeddable":true,"href":"https:\/\/www.arcotel-hotel.com\/en\/wp-json\/wp\/v2\/comments?post=21281"}],"version-history":[{"count":7,"href":"https:\/\/www.arcotel-hotel.com\/en\/wp-json\/wp\/v2\/pages\/21281\/revisions"}],"predecessor-version":[{"id":21444,"href":"https:\/\/www.arcotel-hotel.com\/en\/wp-json\/wp\/v2\/pages\/21281\/revisions\/21444"}],"wp:attachment":[{"href":"https:\/\/www.arcotel-hotel.com\/en\/wp-json\/wp\/v2\/media?parent=21281"}],"curies":[{"name":"wp","href":"https:\/\/api.w.org\/{rel}","templated":true}]}}